{"id":57,"date":"2018-11-01T13:57:56","date_gmt":"2018-11-01T13:57:56","guid":{"rendered":"https:\/\/www.budokan-zwickau.de\/?page_id=57"},"modified":"2023-01-05T18:13:22","modified_gmt":"2023-01-05T18:13:22","slug":"beitraege","status":"publish","type":"page","link":"https:\/\/www.budokan-zwickau.de\/index.php\/der-verein\/beitraege\/","title":{"rendered":"Beitr\u00e4ge"},"content":{"rendered":"<h1>Unsere Mitgliedsbeitr\u00e4ge<\/h1>\n<p>Unsere Mitgliedsbeitr\u00e4ge sind seit Jahren stabil. Dies ist nicht nur ein Verdienst des gut wirtschaftenden Vorstandes sondern auch aller Mitgleider im Verein. Durch die bewusste Entscheidung kein eigenes Dojo zu forcieren, sondern weiterhin die Angebote der Stadt Zwickau als Tr\u00e4ger der \u00f6ffentlichen Hallen zu nutzen sind wir in unseren Entscheidungen was finanzielle Fargen betrifft freier. So kommen unsere Mitgliedsbeitr\u00e4ge dort an, wo sie ben\u00f6tigt werden, im Training, bei den Trainingsutensilien und nicht zu letzt als Aufwandsentsch\u00e4digung bei den Trainern. Schlie\u00dflich stehen Sie jede Woche in der Halle und sorgen f\u00fcr ein qualitativ hochwertiges Karate- und Gesundheitstraining. In den Mitgliedsbeitr\u00e4gen sind die Meldung an den DKV als Karatedachverband sowie die entsprechenden Kreis- und Landessportb\u00fcnde enthalten.<\/p>\n<p><strong>Neuaufnahme Mitglied:&nbsp;<\/strong> 25,00 \u20ac einmalig<\/p>\n<p><strong>Neue Mitglieder ab dem 1.1.2023<\/strong><\/p>\n<p><strong>Erwachsene:<\/strong> 15,00 \u20ac \/ Monat<\/p>\n<p><strong>Kinder\/Jugend\/Azubis\/Student:<\/strong> 10,00 \u20ac \/ Monat<\/p>\n<p><strong>2. Familienmitglied:<\/strong> 50% des regul\u00e4ren Vollbeitrages<\/p>\n<p><strong>jedes weitere Familienmitglied:<\/strong> 25 % des regul\u00e4ren Vollbeitrages<\/p>\n","protected":false},"excerpt":{"rendered":"<p>Unsere Mitgliedsbeitr\u00e4ge Unsere Mitgliedsbeitr\u00e4ge sind seit Jahren stabil. Dies ist nicht nur ein Verdienst des gut wirtschaftenden Vorstandes sondern auch aller Mitgleider im Verein. Durch die bewusste Entscheidung kein eigenes Dojo zu forcieren, sondern weiterhin die Angebote der Stadt Zwickau als Tr\u00e4ger der \u00f6ffentlichen Hallen zu nutzen sind wir in unseren Entscheidungen was finanzielle Fargen [&hellip;]<\/p>\n","protected":false},"author":1,"featured_media":0,"parent":459,"menu_order":0,"comment_status":"closed","ping_status":"closed","template":"","meta":{"_acf_changed":false,"ocean_post_layout":"right-sidebar","ocean_both_sidebars_style":"","ocean_both_sidebars_content_width":0,"ocean_both_sidebars_sidebars_width":0,"ocean_sidebar":"sidebar","ocean_second_sidebar":"0","ocean_disable_margins":"on","ocean_add_body_class":"","ocean_shortcode_before_top_bar":"","ocean_shortcode_after_top_bar":"","ocean_shortcode_before_header":"","ocean_shortcode_after_header":"","ocean_has_shortcode":"","ocean_shortcode_after_title":"","ocean_shortcode_before_footer_widgets":"","ocean_shortcode_after_footer_widgets":"","ocean_shortcode_before_footer_bottom":"","ocean_shortcode_after_footer_bottom":"","ocean_display_top_bar":"on","ocean_display_header":"on","ocean_header_style":"","ocean_center_header_left_menu":"0","ocean_custom_header_template":"0","ocean_custom_logo":0,"ocean_custom_retina_logo":0,"ocean_custom_logo_max_width":0,"ocean_custom_logo_tablet_max_width":0,"ocean_custom_logo_mobile_max_width":0,"ocean_custom_logo_max_height":0,"ocean_custom_logo_tablet_max_height":0,"ocean_custom_logo_mobile_max_height":0,"ocean_header_custom_menu":"5","ocean_menu_typo_font_family":"0","ocean_menu_typo_font_subset":"","ocean_menu_typo_font_size":0,"ocean_menu_typo_font_size_tablet":0,"ocean_menu_typo_font_size_mobile":0,"ocean_menu_typo_font_size_unit":"px","ocean_menu_typo_font_weight":"","ocean_menu_typo_font_weight_tablet":"","ocean_menu_typo_font_weight_mobile":"","ocean_menu_typo_transform":"","ocean_menu_typo_transform_tablet":"","ocean_menu_typo_transform_mobile":"","ocean_menu_typo_line_height":0,"ocean_menu_typo_line_height_tablet":0,"ocean_menu_typo_line_height_mobile":0,"ocean_menu_typo_line_height_unit":"","ocean_menu_typo_spacing":0,"ocean_menu_typo_spacing_tablet":0,"ocean_menu_typo_spacing_mobile":0,"ocean_menu_typo_spacing_unit":"","ocean_menu_link_color":"","ocean_menu_link_color_hover":"","ocean_menu_link_color_active":"","ocean_menu_link_background":"","ocean_menu_link_hover_background":"","ocean_menu_link_active_background":"","ocean_menu_social_links_bg":"","ocean_menu_social_hover_links_bg":"","ocean_menu_social_links_color":"","ocean_menu_social_hover_links_color":"","ocean_disable_title":"on","ocean_disable_heading":"default","ocean_post_title":"","ocean_post_subheading":"","ocean_post_title_style":"","ocean_post_title_background_color":"","ocean_post_title_background":0,"ocean_post_title_bg_image_position":"","ocean_post_title_bg_image_attachment":"","ocean_post_title_bg_image_repeat":"","ocean_post_title_bg_image_size":"","ocean_post_title_height":0,"ocean_post_title_bg_overlay":0.5,"ocean_post_title_bg_overlay_color":"","ocean_disable_breadcrumbs":"off","ocean_breadcrumbs_color":"","ocean_breadcrumbs_separator_color":"","ocean_breadcrumbs_links_color":"","ocean_breadcrumbs_links_hover_color":"","ocean_display_footer_widgets":"default","ocean_display_footer_bottom":"default","ocean_custom_footer_template":"0","footnotes":""},"class_list":["post-57","page","type-page","status-publish","hentry","entry"],"acf":[],"jetpack_sharing_enabled":true,"_links":{"self":[{"href":"https:\/\/www.budokan-zwickau.de\/index.php\/wp-json\/wp\/v2\/pages\/57","targetHints":{"allow":["GET"]}}],"collection":[{"href":"https:\/\/www.budokan-zwickau.de\/index.php\/wp-json\/wp\/v2\/pages"}],"about":[{"href":"https:\/\/www.budokan-zwickau.de\/index.php\/wp-json\/wp\/v2\/types\/page"}],"author":[{"embeddable":true,"href":"https:\/\/www.budokan-zwickau.de\/index.php\/wp-json\/wp\/v2\/users\/1"}],"replies":[{"embeddable":true,"href":"https:\/\/www.budokan-zwickau.de\/index.php\/wp-json\/wp\/v2\/comments?post=57"}],"version-history":[{"count":13,"href":"https:\/\/www.budokan-zwickau.de\/index.php\/wp-json\/wp\/v2\/pages\/57\/revisions"}],"predecessor-version":[{"id":2468,"href":"https:\/\/www.budokan-zwickau.de\/index.php\/wp-json\/wp\/v2\/pages\/57\/revisions\/2468"}],"up":[{"embeddable":true,"href":"https:\/\/www.budokan-zwickau.de\/index.php\/wp-json\/wp\/v2\/pages\/459"}],"wp:attachment":[{"href":"https:\/\/www.budokan-zwickau.de\/index.php\/wp-json\/wp\/v2\/media?parent=57"}],"curies":[{"name":"wp","href":"https:\/\/api.w.org\/{rel}","templated":true}]}}