{"id":1497,"date":"2020-10-19T09:41:51","date_gmt":"2020-10-19T09:41:51","guid":{"rendered":"https:\/\/www.budokan-zwickau.de\/?page_id=1497"},"modified":"2022-05-16T14:10:52","modified_gmt":"2022-05-16T14:10:52","slug":"qigong","status":"publish","type":"page","link":"https:\/\/www.budokan-zwickau.de\/index.php\/training\/qigong\/","title":{"rendered":"Qigong und Gesundheitssport"},"content":{"rendered":"\t\t<div data-elementor-type=\"wp-page\" data-elementor-id=\"1497\" class=\"elementor elementor-1497\">\n\t\t\t\t\t\t<section class=\"elementor-section elementor-top-section elementor-element elementor-element-761395e elementor-section-boxed elementor-section-height-default elementor-section-height-default\" data-id=\"761395e\" data-element_type=\"section\" data-e-type=\"section\">\n\t\t\t\t\t\t<div class=\"elementor-container elementor-column-gap-default\">\n\t\t\t\t\t<div class=\"elementor-column elementor-col-100 elementor-top-column elementor-element elementor-element-6b46083\" data-id=\"6b46083\" data-element_type=\"column\" data-e-type=\"column\">\n\t\t\t<div class=\"elementor-widget-wrap elementor-element-populated\">\n\t\t\t\t\t\t<div class=\"elementor-element elementor-element-e0c00bb elementor-widget elementor-widget-heading\" data-id=\"e0c00bb\" data-element_type=\"widget\" data-e-type=\"widget\" data-widget_type=\"heading.default\">\n\t\t\t\t<div class=\"elementor-widget-container\">\n\t\t\t\t\t<h2 class=\"elementor-heading-title elementor-size-default\">Qigong und Gesundheitssport beim Budokan Zwickau e.V.<\/h2>\t\t\t\t<\/div>\n\t\t\t\t<\/div>\n\t\t\t\t<div class=\"elementor-element elementor-element-581fec1 elementor-widget-divider--view-line elementor-widget elementor-widget-divider\" data-id=\"581fec1\" data-element_type=\"widget\" data-e-type=\"widget\" data-widget_type=\"divider.default\">\n\t\t\t\t<div class=\"elementor-widget-container\">\n\t\t\t\t\t\t\t<div class=\"elementor-divider\">\n\t\t\t<span class=\"elementor-divider-separator\">\n\t\t\t\t\t\t<\/span>\n\t\t<\/div>\n\t\t\t\t\t\t<\/div>\n\t\t\t\t<\/div>\n\t\t\t\t<div class=\"elementor-element elementor-element-d7a6696 elementor-widget elementor-widget-heading\" data-id=\"d7a6696\" data-element_type=\"widget\" data-e-type=\"widget\" data-widget_type=\"heading.default\">\n\t\t\t\t<div class=\"elementor-widget-container\">\n\t\t\t\t\t<h2 class=\"elementor-heading-title elementor-size-default\">Neue Trainingseinheit startet - Budo Chi-Do<\/h2>\t\t\t\t<\/div>\n\t\t\t\t<\/div>\n\t\t\t\t<section class=\"elementor-section elementor-inner-section elementor-element elementor-element-7e2a3ac elementor-section-boxed elementor-section-height-default elementor-section-height-default\" data-id=\"7e2a3ac\" data-element_type=\"section\" data-e-type=\"section\">\n\t\t\t\t\t\t<div class=\"elementor-container elementor-column-gap-default\">\n\t\t\t\t\t<div class=\"elementor-column elementor-col-50 elementor-inner-column elementor-element elementor-element-85f6cb5\" data-id=\"85f6cb5\" data-element_type=\"column\" data-e-type=\"column\">\n\t\t\t<div class=\"elementor-widget-wrap elementor-element-populated\">\n\t\t\t\t\t\t<div class=\"elementor-element elementor-element-e884f3d elementor-widget elementor-widget-text-editor\" data-id=\"e884f3d\" data-element_type=\"widget\" data-e-type=\"widget\" data-widget_type=\"text-editor.default\">\n\t\t\t\t<div class=\"elementor-widget-container\">\n\t\t\t\t\t\t\t\t\t<p>Ab dem 19.5.22 wird unter der Anleitung von Marco regelm\u00e4ssig eine Einheit zum Budo Chi-Do angeboten. Dabei geht es um ein ganzheitliches Konzept zum erhalten und verbessern der Vitalfunktionen bis ins hohe Alter hinein.<\/p>\n<p>Es geht um regelm\u00e4ssige gesundheitsf\u00f6rderliche Bewegung unter Anleitung, welche das gesitige und k\u00f6rperliche Wohlbefinden steigert bzw. erh\u00e4lt.<br><\/p>\n<p>Jeweils Donnerstags findet dazu von 18:30 bis 19:30 Uhr ein Training statt in dem der Schwerpunkt auf Koordination, Qigong, Taichi und Entspannung liegt.<\/p><p>Die Teilnahme ist bis zu den Sommerferien kostenfrei. Danach \u00fcber die normale Vereinsmitgliedschaft abgedeckt.<br><\/p>\n<p><\/p>\t\t\t\t\t\t\t\t<\/div>\n\t\t\t\t<\/div>\n\t\t\t\t\t<\/div>\n\t\t<\/div>\n\t\t\t\t<div class=\"elementor-column elementor-col-50 elementor-inner-column elementor-element elementor-element-a082c0f\" data-id=\"a082c0f\" data-element_type=\"column\" data-e-type=\"column\">\n\t\t\t<div class=\"elementor-widget-wrap elementor-element-populated\">\n\t\t\t\t\t\t<div class=\"elementor-element elementor-element-ddf2acf elementor-widget elementor-widget-text-editor\" data-id=\"ddf2acf\" data-element_type=\"widget\" data-e-type=\"widget\" data-widget_type=\"text-editor.default\">\n\t\t\t\t<div class=\"elementor-widget-container\">\n\t\t\t\t\t\t\t\t\t<h4>Die Kursleiter<\/h4><p>Geleitet wird der Kurs von Marco Leib und Torsten Ullmann.<\/p><p>Beide sind zertifizierte Trainer B im Gesundheitssport Haltung und Pr\u00e4vention und haben eine langj\u00e4hrige Erfahrung in dem Bereichen des Qigong.<\/p><p>Marco Leib ist ausgebildeter Gesundheitstrainer, Fitnesstrainer A und REIKI &#8211; Meister, seit langem besch\u00e4ftigt er sich mit dem Themen der asiatischen Heilkunst sowie den ganzheitlichen Gesundheitskonzepten der fern\u00f6stlichen Medizin.<\/p><p>Torsten Ullmann ist ausgebildeter Trainer B in Haltung und Pr\u00e4vention und hat die Ausbildung zum Qigong\u00fcbunsgleiter beim LSB Sachsen absolviert.<\/p>\t\t\t\t\t\t\t\t<\/div>\n\t\t\t\t<\/div>\n\t\t\t\t\t<\/div>\n\t\t<\/div>\n\t\t\t\t\t<\/div>\n\t\t<\/section>\n\t\t\t\t<div class=\"elementor-element elementor-element-cab0970 elementor-align-center elementor-widget elementor-widget-button\" data-id=\"cab0970\" data-element_type=\"widget\" data-e-type=\"widget\" data-widget_type=\"button.default\">\n\t\t\t\t<div class=\"elementor-widget-container\">\n\t\t\t\t\t\t\t\t\t<div class=\"elementor-button-wrapper\">\n\t\t\t\t\t<a class=\"elementor-button elementor-button-link elementor-size-md\" href=\"https:\/\/meet.jit.si\/budokanZ\/Gesundheit\" target=\"_blank\">\n\t\t\t\t\t\t<span class=\"elementor-button-content-wrapper\">\n\t\t\t\t\t\t\t\t\t<span class=\"elementor-button-text\">Zum Kurs<\/span>\n\t\t\t\t\t<\/span>\n\t\t\t\t\t<\/a>\n\t\t\t\t<\/div>\n\t\t\t\t\t\t\t\t<\/div>\n\t\t\t\t<\/div>\n\t\t\t\t<section class=\"elementor-section elementor-inner-section elementor-element elementor-element-2258dd7 elementor-section-boxed elementor-section-height-default elementor-section-height-default\" data-id=\"2258dd7\" data-element_type=\"section\" data-e-type=\"section\">\n\t\t\t\t\t\t<div class=\"elementor-container elementor-column-gap-default\">\n\t\t\t\t\t<div class=\"elementor-column elementor-col-50 elementor-inner-column elementor-element elementor-element-4e7c697\" data-id=\"4e7c697\" data-element_type=\"column\" data-e-type=\"column\">\n\t\t\t<div class=\"elementor-widget-wrap elementor-element-populated\">\n\t\t\t\t\t\t<div class=\"elementor-element elementor-element-e79aad4 elementor-widget elementor-widget-text-editor\" data-id=\"e79aad4\" data-element_type=\"widget\" data-e-type=\"widget\" data-widget_type=\"text-editor.default\">\n\t\t\t\t<div class=\"elementor-widget-container\">\n\t\t\t\t\t\t\t\t\t<p>Nach langem Warten ist es nun soweit am5.11.2020 startet unser Qigong und Gesundheitsangebot. Jeweils Donnerstag von 19:00 bis 20:30 Uhr findet unter der Anleitung unserer ausgebildeten Gesundheitstrainer ein fundiertes Gesundheitstraining statt.<\/p><p>Der Fokus liegt dabei auf den asiatischen Bewegungsformen des Qigong. Schon die alten chinesischen Gelehrten erkannten die Wirkung von diesen sanften k\u00f6rperlichen Bewegungen auf die geistige und k\u00f6rperliche Verfassung der Praktizierenden. <\/p><p>Entschleunigung, Flucht vor dem Alltagsstress, k\u00f6rperliches Wohlergehen, Erhaltung der k\u00f6rperlichen Leistungsf\u00e4higkeit all diese Schlagw\u00f6rter bezeichnen die Sehns\u00fcchte der Menschen in einer sich gef\u00fchlt immer schneller drehenden Welt.<\/p><p>Eingebetet in die ganzheitliche Betrachtungsweise des DAO und den Erkenntnissen der ostasiatischen Medizin bietet Qigong eine gute M\u00f6glichkeit diesen Zielen n\u00e4her zu kommen.<\/p>\t\t\t\t\t\t\t\t<\/div>\n\t\t\t\t<\/div>\n\t\t\t\t<div class=\"elementor-element elementor-element-3cbf590 elementor-widget elementor-widget-image\" data-id=\"3cbf590\" data-element_type=\"widget\" data-e-type=\"widget\" data-widget_type=\"image.default\">\n\t\t\t\t<div class=\"elementor-widget-container\">\n\t\t\t\t\t\t\t\t\t\t\t\t\t\t\t<img fetchpriority=\"high\" decoding=\"async\" width=\"1002\" height=\"1024\" src=\"https:\/\/i0.wp.com\/www.budokan-zwickau.de\/wp-content\/uploads\/2020\/ying_yang.jpg?fit=1002%2C1024&amp;ssl=1\" class=\"attachment-large size-large wp-image-1518\" alt=\"YinYang\" srcset=\"https:\/\/i0.wp.com\/www.budokan-zwickau.de\/wp-content\/uploads\/2020\/ying_yang.jpg?w=1533&amp;ssl=1 1533w, https:\/\/i0.wp.com\/www.budokan-zwickau.de\/wp-content\/uploads\/2020\/ying_yang.jpg?resize=293%2C300&amp;ssl=1 293w, https:\/\/i0.wp.com\/www.budokan-zwickau.de\/wp-content\/uploads\/2020\/ying_yang.jpg?resize=1002%2C1024&amp;ssl=1 1002w, https:\/\/i0.wp.com\/www.budokan-zwickau.de\/wp-content\/uploads\/2020\/ying_yang.jpg?resize=768%2C785&amp;ssl=1 768w, https:\/\/i0.wp.com\/www.budokan-zwickau.de\/wp-content\/uploads\/2020\/ying_yang.jpg?resize=1503%2C1536&amp;ssl=1 1503w\" sizes=\"(max-width: 1002px) 100vw, 1002px\" \/>\t\t\t\t\t\t\t\t\t\t\t\t\t\t\t<\/div>\n\t\t\t\t<\/div>\n\t\t\t\t\t<\/div>\n\t\t<\/div>\n\t\t\t\t<div class=\"elementor-column elementor-col-50 elementor-inner-column elementor-element elementor-element-ee803d4\" data-id=\"ee803d4\" data-element_type=\"column\" data-e-type=\"column\">\n\t\t\t<div class=\"elementor-widget-wrap elementor-element-populated\">\n\t\t\t\t\t\t<div class=\"elementor-element elementor-element-5efdd54 elementor-widget-divider--view-line elementor-widget elementor-widget-divider\" data-id=\"5efdd54\" data-element_type=\"widget\" data-e-type=\"widget\" data-widget_type=\"divider.default\">\n\t\t\t\t<div class=\"elementor-widget-container\">\n\t\t\t\t\t\t\t<div class=\"elementor-divider\">\n\t\t\t<span class=\"elementor-divider-separator\">\n\t\t\t\t\t\t<\/span>\n\t\t<\/div>\n\t\t\t\t\t\t<\/div>\n\t\t\t\t<\/div>\n\t\t\t\t<div class=\"elementor-element elementor-element-3211a39 elementor-widget elementor-widget-image\" data-id=\"3211a39\" data-element_type=\"widget\" data-e-type=\"widget\" data-widget_type=\"image.default\">\n\t\t\t\t<div class=\"elementor-widget-container\">\n\t\t\t\t\t\t\t\t\t\t\t\t\t\t\t<img decoding=\"async\" width=\"1024\" height=\"1024\" src=\"https:\/\/i0.wp.com\/www.budokan-zwickau.de\/wp-content\/uploads\/2020\/10\/IMG_20201020_120931.jpg?fit=1024%2C1024&amp;ssl=1\" class=\"attachment-large size-large wp-image-1514\" alt=\"Qigong\" srcset=\"https:\/\/i0.wp.com\/www.budokan-zwickau.de\/wp-content\/uploads\/2020\/10\/IMG_20201020_120931.jpg?w=1564&amp;ssl=1 1564w, https:\/\/i0.wp.com\/www.budokan-zwickau.de\/wp-content\/uploads\/2020\/10\/IMG_20201020_120931.jpg?resize=300%2C300&amp;ssl=1 300w, https:\/\/i0.wp.com\/www.budokan-zwickau.de\/wp-content\/uploads\/2020\/10\/IMG_20201020_120931.jpg?resize=1024%2C1024&amp;ssl=1 1024w, https:\/\/i0.wp.com\/www.budokan-zwickau.de\/wp-content\/uploads\/2020\/10\/IMG_20201020_120931.jpg?resize=150%2C150&amp;ssl=1 150w, https:\/\/i0.wp.com\/www.budokan-zwickau.de\/wp-content\/uploads\/2020\/10\/IMG_20201020_120931.jpg?resize=768%2C768&amp;ssl=1 768w, https:\/\/i0.wp.com\/www.budokan-zwickau.de\/wp-content\/uploads\/2020\/10\/IMG_20201020_120931.jpg?resize=1536%2C1536&amp;ssl=1 1536w\" sizes=\"(max-width: 1024px) 100vw, 1024px\" \/>\t\t\t\t\t\t\t\t\t\t\t\t\t\t\t<\/div>\n\t\t\t\t<\/div>\n\t\t\t\t<div class=\"elementor-element elementor-element-246fe13 elementor-widget elementor-widget-heading\" data-id=\"246fe13\" data-element_type=\"widget\" data-e-type=\"widget\" data-widget_type=\"heading.default\">\n\t\t\t\t<div class=\"elementor-widget-container\">\n\t\t\t\t\t<h2 class=\"elementor-heading-title elementor-size-default\">Die Fakten<\/h2>\t\t\t\t<\/div>\n\t\t\t\t<\/div>\n\t\t\t\t<div class=\"elementor-element elementor-element-27d75a7 elementor-widget-divider--view-line elementor-widget elementor-widget-divider\" data-id=\"27d75a7\" data-element_type=\"widget\" data-e-type=\"widget\" data-widget_type=\"divider.default\">\n\t\t\t\t<div class=\"elementor-widget-container\">\n\t\t\t\t\t\t\t<div class=\"elementor-divider\">\n\t\t\t<span class=\"elementor-divider-separator\">\n\t\t\t\t\t\t<\/span>\n\t\t<\/div>\n\t\t\t\t\t\t<\/div>\n\t\t\t\t<\/div>\n\t\t\t\t<div class=\"elementor-element elementor-element-5a6300f elementor-widget elementor-widget-text-editor\" data-id=\"5a6300f\" data-element_type=\"widget\" data-e-type=\"widget\" data-widget_type=\"text-editor.default\">\n\t\t\t\t<div class=\"elementor-widget-container\">\n\t\t\t\t\t\t\t\t\t<p>Das Angebot richtet sich an alle Altersstufen.<\/p><p>Vorkenntnisse sind nicht erforderlich.<\/p><p>K\u00f6rperliche EInschr\u00e4nkungen sind kein Hindernis, jeder trainiert entsprechend seiner M\u00f6glichkeiten.<\/p><p>Ihr erwerbt entweder eine 10er Karte f\u00fcr 60,00 Euro, welche ihr innerhalb von 3 Monaten aufgebraucht werden kann oder ihr werdet f\u00fcr einen Halbjahresbeitrag von 60,00 Euro Mitglied im Verein.<\/p>\t\t\t\t\t\t\t\t<\/div>\n\t\t\t\t<\/div>\n\t\t\t\t\t<\/div>\n\t\t<\/div>\n\t\t\t\t\t<\/div>\n\t\t<\/section>\n\t\t\t\t\t<\/div>\n\t\t<\/div>\n\t\t\t\t\t<\/div>\n\t\t<\/section>\n\t\t\t\t<\/div>\n\t\t","protected":false},"excerpt":{"rendered":"<p>Qigong und Gesundheitssport beim Budokan Zwickau e.V. Neue Trainingseinheit startet &#8211; Budo Chi-Do Ab dem 19.5.22 wird unter der Anleitung von Marco regelm\u00e4ssig eine Einheit zum Budo Chi-Do angeboten. Dabei geht es um ein ganzheitliches Konzept zum erhalten und verbessern der Vitalfunktionen bis ins hohe Alter hinein. Es geht um regelm\u00e4ssige gesundheitsf\u00f6rderliche Bewegung unter Anleitung, [&hellip;]<\/p>\n","protected":false},"author":2,"featured_media":0,"parent":692,"menu_order":0,"comment_status":"closed","ping_status":"closed","template":"","meta":{"_acf_changed":false,"ocean_post_layout":"right-sidebar","ocean_both_sidebars_style":"","ocean_both_sidebars_content_width":0,"ocean_both_sidebars_sidebars_width":0,"ocean_sidebar":"0","ocean_second_sidebar":"0","ocean_disable_margins":"enable","ocean_add_body_class":"","ocean_shortcode_before_top_bar":"","ocean_shortcode_after_top_bar":"","ocean_shortcode_before_header":"","ocean_shortcode_after_header":"","ocean_has_shortcode":"","ocean_shortcode_after_title":"","ocean_shortcode_before_footer_widgets":"","ocean_shortcode_after_footer_widgets":"","ocean_shortcode_before_footer_bottom":"","ocean_shortcode_after_footer_bottom":"","ocean_display_top_bar":"on","ocean_display_header":"on","ocean_header_style":"","ocean_center_header_left_menu":"0","ocean_custom_header_template":"0","ocean_custom_logo":0,"ocean_custom_retina_logo":0,"ocean_custom_logo_max_width":0,"ocean_custom_logo_tablet_max_width":0,"ocean_custom_logo_mobile_max_width":0,"ocean_custom_logo_max_height":0,"ocean_custom_logo_tablet_max_height":0,"ocean_custom_logo_mobile_max_height":0,"ocean_header_custom_menu":"0","ocean_menu_typo_font_family":"0","ocean_menu_typo_font_subset":"","ocean_menu_typo_font_size":0,"ocean_menu_typo_font_size_tablet":0,"ocean_menu_typo_font_size_mobile":0,"ocean_menu_typo_font_size_unit":"px","ocean_menu_typo_font_weight":"","ocean_menu_typo_font_weight_tablet":"","ocean_menu_typo_font_weight_mobile":"","ocean_menu_typo_transform":"","ocean_menu_typo_transform_tablet":"","ocean_menu_typo_transform_mobile":"","ocean_menu_typo_line_height":0,"ocean_menu_typo_line_height_tablet":0,"ocean_menu_typo_line_height_mobile":0,"ocean_menu_typo_line_height_unit":"","ocean_menu_typo_spacing":0,"ocean_menu_typo_spacing_tablet":0,"ocean_menu_typo_spacing_mobile":0,"ocean_menu_typo_spacing_unit":"","ocean_menu_link_color":"","ocean_menu_link_color_hover":"","ocean_menu_link_color_active":"","ocean_menu_link_background":"","ocean_menu_link_hover_background":"","ocean_menu_link_active_background":"","ocean_menu_social_links_bg":"","ocean_menu_social_hover_links_bg":"","ocean_menu_social_links_color":"","ocean_menu_social_hover_links_color":"","ocean_disable_title":"on","ocean_disable_heading":"default","ocean_post_title":"","ocean_post_subheading":"","ocean_post_title_style":"","ocean_post_title_background_color":"","ocean_post_title_background":0,"ocean_post_title_bg_image_position":"","ocean_post_title_bg_image_attachment":"","ocean_post_title_bg_image_repeat":"","ocean_post_title_bg_image_size":"","ocean_post_title_height":0,"ocean_post_title_bg_overlay":0.5,"ocean_post_title_bg_overlay_color":"","ocean_disable_breadcrumbs":"default","ocean_breadcrumbs_color":"","ocean_breadcrumbs_separator_color":"","ocean_breadcrumbs_links_color":"","ocean_breadcrumbs_links_hover_color":"","ocean_display_footer_widgets":"default","ocean_display_footer_bottom":"default","ocean_custom_footer_template":"0","footnotes":""},"class_list":["post-1497","page","type-page","status-publish","hentry","entry"],"acf":[],"jetpack_sharing_enabled":true,"_links":{"self":[{"href":"https:\/\/www.budokan-zwickau.de\/index.php\/wp-json\/wp\/v2\/pages\/1497","targetHints":{"allow":["GET"]}}],"collection":[{"href":"https:\/\/www.budokan-zwickau.de\/index.php\/wp-json\/wp\/v2\/pages"}],"about":[{"href":"https:\/\/www.budokan-zwickau.de\/index.php\/wp-json\/wp\/v2\/types\/page"}],"author":[{"embeddable":true,"href":"https:\/\/www.budokan-zwickau.de\/index.php\/wp-json\/wp\/v2\/users\/2"}],"replies":[{"embeddable":true,"href":"https:\/\/www.budokan-zwickau.de\/index.php\/wp-json\/wp\/v2\/comments?post=1497"}],"version-history":[{"count":26,"href":"https:\/\/www.budokan-zwickau.de\/index.php\/wp-json\/wp\/v2\/pages\/1497\/revisions"}],"predecessor-version":[{"id":2272,"href":"https:\/\/www.budokan-zwickau.de\/index.php\/wp-json\/wp\/v2\/pages\/1497\/revisions\/2272"}],"up":[{"embeddable":true,"href":"https:\/\/www.budokan-zwickau.de\/index.php\/wp-json\/wp\/v2\/pages\/692"}],"wp:attachment":[{"href":"https:\/\/www.budokan-zwickau.de\/index.php\/wp-json\/wp\/v2\/media?parent=1497"}],"curies":[{"name":"wp","href":"https:\/\/api.w.org\/{rel}","templated":true}]}}